{"id":1337,"date":"2025-09-18T13:24:55","date_gmt":"2025-09-18T11:24:55","guid":{"rendered":"https:\/\/greendeliveryibiza.com\/buscas-trabajo\/"},"modified":"2025-11-04T12:08:38","modified_gmt":"2025-11-04T11:08:38","slug":"buscas-trabajo","status":"publish","type":"page","link":"https:\/\/greendeliveryibiza.com\/es\/buscas-trabajo\/","title":{"rendered":"\u00bfBuscas trabajo?"},"content":{"rendered":"\t\t<div data-elementor-type=\"wp-page\" data-elementor-id=\"1337\" class=\"elementor elementor-1337 elementor-15\" data-elementor-post-type=\"page\">\n\t\t\t\t<div class=\"elementor-element elementor-element-1a273d6 e-flex e-con-boxed e-con e-parent\" data-id=\"1a273d6\" data-element_type=\"container\" data-e-type=\"container\" data-settings=\"{&quot;background_background&quot;:&quot;classic&quot;}\">\n\t\t\t\t\t<div class=\"e-con-inner\">\n\t\t\t\t<div class=\"elementor-element elementor-element-5ececfd elementor-widget elementor-widget-heading\" data-id=\"5ececfd\" data-element_type=\"widget\" data-e-type=\"widget\" data-widget_type=\"heading.default\">\n\t\t\t\t\t<h1 class=\"elementor-heading-title elementor-size-default\">\u00a1Trabaja con nosotros!<\/h1>\t\t\t\t<\/div>\n\t\t\t\t\t<\/div>\n\t\t\t\t<\/div>\n\t\t<div class=\"elementor-element elementor-element-4fb1ffb7 e-flex e-con-boxed e-con e-parent\" data-id=\"4fb1ffb7\" data-element_type=\"container\" data-e-type=\"container\">\n\t\t\t\t\t<div class=\"e-con-inner\">\n\t\t\t\t<div class=\"elementor-element elementor-element-c1266ae elementor-icon-list--layout-inline elementor-list-item-link-full_width elementor-widget elementor-widget-icon-list\" data-id=\"c1266ae\" data-element_type=\"widget\" data-e-type=\"widget\" data-widget_type=\"icon-list.default\">\n\t\t\t\t\t\t\t<ul class=\"elementor-icon-list-items elementor-inline-items\">\n\t\t\t\t\t\t\t<li class=\"elementor-icon-list-item elementor-inline-item\">\n\t\t\t\t\t\t\t\t\t\t\t<a href=\"https:\/\/greendeliveryibiza.com\/es\/\">\n\n\t\t\t\t\t\t\t\t\t\t\t<span class=\"elementor-icon-list-text\">Inicio<\/span>\n\t\t\t\t\t\t\t\t\t\t\t<\/a>\n\t\t\t\t\t\t\t\t\t<\/li>\n\t\t\t\t\t\t\t\t<li class=\"elementor-icon-list-item elementor-inline-item\">\n\t\t\t\t\t\t\t\t\t\t<span class=\"elementor-icon-list-text\"><span class=\"color-primary\">\u00bfBuscas trabajo?<\/span><\/span>\n\t\t\t\t\t\t\t\t\t<\/li>\n\t\t\t\t\t\t<\/ul>\n\t\t\t\t\t\t<\/div>\n\t\t\t\t\t<\/div>\n\t\t\t\t<\/div>\n\t\t<div class=\"elementor-element elementor-element-8e73c31 e-flex e-con-boxed e-con e-parent\" data-id=\"8e73c31\" data-element_type=\"container\" data-e-type=\"container\">\n\t\t\t\t\t<div class=\"e-con-inner\">\n\t\t<div class=\"elementor-element elementor-element-20b85d0 e-grid e-con-full e-con e-child\" data-id=\"20b85d0\" data-element_type=\"container\" data-e-type=\"container\">\n\t\t\t\t<div class=\"elementor-element elementor-element-73d9a15 elementor-widget elementor-widget-image\" data-id=\"73d9a15\" data-element_type=\"widget\" data-e-type=\"widget\" data-widget_type=\"image.default\">\n\t\t\t\t\t\t\t\t\t\t\t\t\t\t\t<img fetchpriority=\"high\" decoding=\"async\" width=\"768\" height=\"1024\" src=\"https:\/\/greendeliveryibiza.com\/wp-content\/uploads\/2025\/10\/IMG_2850-768x1024.jpg\" class=\"attachment-large size-large wp-image-1545\" alt=\"\" srcset=\"https:\/\/greendeliveryibiza.com\/wp-content\/uploads\/2025\/10\/IMG_2850-768x1024.jpg 768w, https:\/\/greendeliveryibiza.com\/wp-content\/uploads\/2025\/10\/IMG_2850-225x300.jpg 225w, https:\/\/greendeliveryibiza.com\/wp-content\/uploads\/2025\/10\/IMG_2850-1152x1536.jpg 1152w, https:\/\/greendeliveryibiza.com\/wp-content\/uploads\/2025\/10\/IMG_2850-1536x2048.jpg 1536w, https:\/\/greendeliveryibiza.com\/wp-content\/uploads\/2025\/10\/IMG_2850-scaled.jpg 1920w\" sizes=\"(max-width: 768px) 100vw, 768px\" \/>\t\t\t\t\t\t\t\t\t\t\t\t\t\t\t<\/div>\n\t\t\t\t<div class=\"elementor-element elementor-element-c8d2b69 elementor-widget elementor-widget-text-editor\" data-id=\"c8d2b69\" data-element_type=\"widget\" data-e-type=\"widget\" data-widget_type=\"text-editor.default\">\n\t\t\t\t\t\t\t\t\t<p>\u00bfTe gustar\u00eda trabajar 12 meses al a\u00f1o? \u00bfO quiz\u00e1s solo un par de meses? \u00bfTe gustar\u00eda trabajar unas pocas horas al d\u00eda o solo unos pocos d\u00edas?<\/p><p>\u00bfTe gusta la flexibilidad?<br>\u00bfCuantos idiomas hablas?<\/p><p>\u00bfTe atrae la idea de una Isla m\u00e1s \u201cGREEN\u201d?<\/p><p>\u00a1Contacta con nosotros para una entrevista!<\/p>\t\t\t\t\t\t\t\t<\/div>\n\t\t\t\t<\/div>\n\t\t\t\t\t<\/div>\n\t\t\t\t<\/div>\n\t\t\t\t<\/div>\n\t\t","protected":false},"excerpt":{"rendered":"<p>\u00a1Trabaja con nosotros! Inicio \u00bfTe gustar\u00eda trabajar 12 meses al a\u00f1o? \u00bfO quiz\u00e1s solo un par de meses? \u00bfTe gustar\u00eda trabajar unas pocas horas al d\u00eda o solo unos pocos d\u00edas? \u00bfTe gusta la flexibilidad?\u00bfCuantos idiomas hablas? \u00bfTe atrae la idea de una Isla m\u00e1s \u201cGREEN\u201d? \u00a1Contacta con nosotros para una entrevista!<\/p>\n","protected":false},"author":1,"featured_media":0,"parent":0,"menu_order":0,"comment_status":"closed","ping_status":"closed","template":"","meta":{"footnotes":""},"class_list":["post-1337","page","type-page","status-publish","hentry"],"_links":{"self":[{"href":"https:\/\/greendeliveryibiza.com\/es\/wp-json\/wp\/v2\/pages\/1337","targetHints":{"allow":["GET"]}}],"collection":[{"href":"https:\/\/greendeliveryibiza.com\/es\/wp-json\/wp\/v2\/pages"}],"about":[{"href":"https:\/\/greendeliveryibiza.com\/es\/wp-json\/wp\/v2\/types\/page"}],"author":[{"embeddable":true,"href":"https:\/\/greendeliveryibiza.com\/es\/wp-json\/wp\/v2\/users\/1"}],"replies":[{"embeddable":true,"href":"https:\/\/greendeliveryibiza.com\/es\/wp-json\/wp\/v2\/comments?post=1337"}],"version-history":[{"count":5,"href":"https:\/\/greendeliveryibiza.com\/es\/wp-json\/wp\/v2\/pages\/1337\/revisions"}],"predecessor-version":[{"id":1797,"href":"https:\/\/greendeliveryibiza.com\/es\/wp-json\/wp\/v2\/pages\/1337\/revisions\/1797"}],"wp:attachment":[{"href":"https:\/\/greendeliveryibiza.com\/es\/wp-json\/wp\/v2\/media?parent=1337"}],"curies":[{"name":"wp","href":"https:\/\/api.w.org\/{rel}","templated":true}]}}