{"id":1341,"date":"2025-09-18T13:25:10","date_gmt":"2025-09-18T11:25:10","guid":{"rendered":"https:\/\/greendeliveryibiza.com\/quienes-somos\/"},"modified":"2025-11-04T12:03:21","modified_gmt":"2025-11-04T11:03:21","slug":"quienes-somos","status":"publish","type":"page","link":"https:\/\/greendeliveryibiza.com\/es\/quienes-somos\/","title":{"rendered":"Qui\u00e9nes somos"},"content":{"rendered":"\t\t<div data-elementor-type=\"wp-page\" data-elementor-id=\"1341\" class=\"elementor elementor-1341 elementor-13\" data-elementor-post-type=\"page\">\n\t\t\t\t<div class=\"elementor-element elementor-element-cb6ba25 e-flex e-con-boxed e-con e-parent\" data-id=\"cb6ba25\" data-element_type=\"container\" data-e-type=\"container\" data-settings=\"{&quot;background_background&quot;:&quot;classic&quot;}\">\n\t\t\t\t\t<div class=\"e-con-inner\">\n\t\t\t\t<div class=\"elementor-element elementor-element-9791ed2 elementor-widget elementor-widget-heading\" data-id=\"9791ed2\" data-element_type=\"widget\" data-e-type=\"widget\" data-widget_type=\"heading.default\">\n\t\t\t\t\t<h1 class=\"elementor-heading-title elementor-size-default\">Qui\u00e9nes somos<\/h1>\t\t\t\t<\/div>\n\t\t\t\t\t<\/div>\n\t\t\t\t<\/div>\n\t\t<div class=\"elementor-element elementor-element-83a539a e-flex e-con-boxed e-con e-parent\" data-id=\"83a539a\" data-element_type=\"container\" data-e-type=\"container\">\n\t\t\t\t\t<div class=\"e-con-inner\">\n\t\t\t\t<div class=\"elementor-element elementor-element-fbf61ba elementor-icon-list--layout-inline elementor-list-item-link-full_width elementor-widget elementor-widget-icon-list\" data-id=\"fbf61ba\" data-element_type=\"widget\" data-e-type=\"widget\" data-widget_type=\"icon-list.default\">\n\t\t\t\t\t\t\t<ul class=\"elementor-icon-list-items elementor-inline-items\">\n\t\t\t\t\t\t\t<li class=\"elementor-icon-list-item elementor-inline-item\">\n\t\t\t\t\t\t\t\t\t\t\t<a href=\"https:\/\/greendeliveryibiza.com\/es\/\">\n\n\t\t\t\t\t\t\t\t\t\t\t<span class=\"elementor-icon-list-text\">Inicio<\/span>\n\t\t\t\t\t\t\t\t\t\t\t<\/a>\n\t\t\t\t\t\t\t\t\t<\/li>\n\t\t\t\t\t\t\t\t<li class=\"elementor-icon-list-item elementor-inline-item\">\n\t\t\t\t\t\t\t\t\t\t<span class=\"elementor-icon-list-text\"><span class=\"color-primary\">Qui\u00e9nes somos<\/span><\/span>\n\t\t\t\t\t\t\t\t\t<\/li>\n\t\t\t\t\t\t<\/ul>\n\t\t\t\t\t\t<\/div>\n\t\t\t\t\t<\/div>\n\t\t\t\t<\/div>\n\t\t<div class=\"elementor-element elementor-element-ff07837 animated-slow e-flex e-con-boxed elementor-invisible e-con e-parent\" data-id=\"ff07837\" data-element_type=\"container\" data-e-type=\"container\" data-settings=\"{&quot;animation&quot;:&quot;fadeInUp&quot;}\">\n\t\t\t\t\t<div class=\"e-con-inner\">\n\t\t\t\t<div class=\"elementor-element elementor-element-d97c750 elementor-widget elementor-widget-image\" data-id=\"d97c750\" data-element_type=\"widget\" data-e-type=\"widget\" data-widget_type=\"image.default\">\n\t\t\t\t\t\t\t\t\t\t\t\t\t\t\t<img fetchpriority=\"high\" decoding=\"async\" width=\"600\" height=\"535\" src=\"https:\/\/greendeliveryibiza.com\/wp-content\/uploads\/2025\/09\/Filosofia-imagine-interna2.webp\" class=\"attachment-medium_large size-medium_large wp-image-128\" alt=\"\" srcset=\"https:\/\/greendeliveryibiza.com\/wp-content\/uploads\/2025\/09\/Filosofia-imagine-interna2.webp 600w, https:\/\/greendeliveryibiza.com\/wp-content\/uploads\/2025\/09\/Filosofia-imagine-interna2-300x268.webp 300w\" sizes=\"(max-width: 600px) 100vw, 600px\" \/>\t\t\t\t\t\t\t\t\t\t\t\t\t\t\t<\/div>\n\t\t<div class=\"elementor-element elementor-element-4c3a8f4 e-con-full e-flex e-con e-child\" data-id=\"4c3a8f4\" data-element_type=\"container\" data-e-type=\"container\">\n\t\t\t\t<div class=\"elementor-element elementor-element-cd929b0 elementor-hidden-tablet elementor-hidden-mobile elementor-widget-divider--view-line elementor-widget elementor-widget-divider\" data-id=\"cd929b0\" data-element_type=\"widget\" data-e-type=\"widget\" data-widget_type=\"divider.default\">\n\t\t\t\t\t\t\t<div class=\"elementor-divider\">\n\t\t\t<span class=\"elementor-divider-separator\">\n\t\t\t\t\t\t<\/span>\n\t\t<\/div>\n\t\t\t\t\t\t<\/div>\n\t\t\t\t<div class=\"elementor-element elementor-element-fed1acf elementor-widget elementor-widget-heading\" data-id=\"fed1acf\" data-element_type=\"widget\" data-e-type=\"widget\" data-widget_type=\"heading.default\">\n\t\t\t\t\t<p class=\"elementor-heading-title elementor-size-default\">Qui\u00e9nes somos<\/p>\t\t\t\t<\/div>\n\t\t\t\t<div class=\"elementor-element elementor-element-8994e17 elementor-widget elementor-widget-text-editor\" data-id=\"8994e17\" data-element_type=\"widget\" data-e-type=\"widget\" data-widget_type=\"text-editor.default\">\n\t\t\t\t\t\t\t\t\t<p>Green Delivery es una empresa de log\u00edstica ecol\u00f3gica nacida en Ibiza en 2015, con atenci\u00f3n espec\u00edfica a la comida y el servicio a domicilio personalizado.<\/p><p>Green Delivery desarrolla proyectos e iniciativas para dar a conocer y poner en pr\u00e1ctica comportamientos que simplemente pueden reducir nuestras emisiones en nuestro tiempo diario.<\/p><p>El uso de veh\u00edculos el\u00e9ctricos para entregar productos y como transporte personal para nuestros empleados, el apoyo a la producci\u00f3n y distribuci\u00f3n de productos locales son los primeros pasos de nuestro proyecto.<\/p>\t\t\t\t\t\t\t\t<\/div>\n\t\t\t\t<\/div>\n\t\t\t\t\t<\/div>\n\t\t\t\t<\/div>\n\t\t\t\t<\/div>\n\t\t","protected":false},"excerpt":{"rendered":"<p>Qui\u00e9nes somos Inicio Qui\u00e9nes somos Green Delivery es una empresa de log\u00edstica ecol\u00f3gica nacida en Ibiza en 2015, con atenci\u00f3n espec\u00edfica a la comida y el servicio a domicilio personalizado. Green Delivery desarrolla proyectos e iniciativas para dar a conocer y poner en pr\u00e1ctica comportamientos que simplemente pueden reducir nuestras emisiones en nuestro tiempo diario. [&hellip;]<\/p>\n","protected":false},"author":1,"featured_media":0,"parent":0,"menu_order":0,"comment_status":"closed","ping_status":"closed","template":"","meta":{"footnotes":""},"class_list":["post-1341","page","type-page","status-publish","hentry"],"_links":{"self":[{"href":"https:\/\/greendeliveryibiza.com\/es\/wp-json\/wp\/v2\/pages\/1341","targetHints":{"allow":["GET"]}}],"collection":[{"href":"https:\/\/greendeliveryibiza.com\/es\/wp-json\/wp\/v2\/pages"}],"about":[{"href":"https:\/\/greendeliveryibiza.com\/es\/wp-json\/wp\/v2\/types\/page"}],"author":[{"embeddable":true,"href":"https:\/\/greendeliveryibiza.com\/es\/wp-json\/wp\/v2\/users\/1"}],"replies":[{"embeddable":true,"href":"https:\/\/greendeliveryibiza.com\/es\/wp-json\/wp\/v2\/comments?post=1341"}],"version-history":[{"count":1,"href":"https:\/\/greendeliveryibiza.com\/es\/wp-json\/wp\/v2\/pages\/1341\/revisions"}],"predecessor-version":[{"id":1342,"href":"https:\/\/greendeliveryibiza.com\/es\/wp-json\/wp\/v2\/pages\/1341\/revisions\/1342"}],"wp:attachment":[{"href":"https:\/\/greendeliveryibiza.com\/es\/wp-json\/wp\/v2\/media?parent=1341"}],"curies":[{"name":"wp","href":"https:\/\/api.w.org\/{rel}","templated":true}]}}