{"id":1351,"date":"2025-09-25T09:20:46","date_gmt":"2025-09-25T07:20:46","guid":{"rendered":"https:\/\/greendeliveryibiza.com\/pago-seguro\/"},"modified":"2025-11-05T18:02:08","modified_gmt":"2025-11-05T17:02:08","slug":"pago-seguro","status":"publish","type":"page","link":"https:\/\/greendeliveryibiza.com\/es\/pago-seguro\/","title":{"rendered":"Pago seguro"},"content":{"rendered":"\t\t<div data-elementor-type=\"wp-page\" data-elementor-id=\"1351\" class=\"elementor elementor-1351 elementor-790\" data-elementor-post-type=\"page\">\n\t\t\t\t<div class=\"elementor-element elementor-element-f1ea890 e-flex e-con-boxed e-con e-parent\" data-id=\"f1ea890\" data-element_type=\"container\" data-e-type=\"container\">\n\t\t\t\t\t<div class=\"e-con-inner\">\n\t\t\t\t<div class=\"elementor-element elementor-element-ed16308 elementor-icon-list--layout-inline elementor-list-item-link-full_width elementor-widget elementor-widget-icon-list\" data-id=\"ed16308\" data-element_type=\"widget\" data-e-type=\"widget\" data-widget_type=\"icon-list.default\">\n\t\t\t\t\t\t\t<ul class=\"elementor-icon-list-items elementor-inline-items\">\n\t\t\t\t\t\t\t<li class=\"elementor-icon-list-item elementor-inline-item\">\n\t\t\t\t\t\t\t\t\t\t\t<a href=\"https:\/\/greendeliveryibiza.com\/es\/\">\n\n\t\t\t\t\t\t\t\t\t\t\t<span class=\"elementor-icon-list-text\">Inicio<\/span>\n\t\t\t\t\t\t\t\t\t\t\t<\/a>\n\t\t\t\t\t\t\t\t\t<\/li>\n\t\t\t\t\t\t\t\t<li class=\"elementor-icon-list-item elementor-inline-item\">\n\t\t\t\t\t\t\t\t\t\t<span class=\"elementor-icon-list-text\"><span class=\"color-primary\">Pago seguro<\/span><\/span>\n\t\t\t\t\t\t\t\t\t<\/li>\n\t\t\t\t\t\t<\/ul>\n\t\t\t\t\t\t<\/div>\n\t\t\t\t\t<\/div>\n\t\t\t\t<\/div>\n\t\t<div class=\"elementor-element elementor-element-2835706 e-flex e-con-boxed e-con e-parent\" data-id=\"2835706\" data-element_type=\"container\" data-e-type=\"container\">\n\t\t\t\t\t<div class=\"e-con-inner\">\n\t\t\t\t<div class=\"elementor-element elementor-element-efff9da elementor-widget elementor-widget-heading\" data-id=\"efff9da\" data-element_type=\"widget\" data-e-type=\"widget\" data-widget_type=\"heading.default\">\n\t\t\t\t\t<h2 class=\"elementor-heading-title elementor-size-default\">Pago seguro con Green Delivery Ibiza<\/h2>\t\t\t\t<\/div>\n\t\t\t\t<div class=\"elementor-element elementor-element-c5ddca3 elementor-widget elementor-widget-text-editor\" data-id=\"c5ddca3\" data-element_type=\"widget\" data-e-type=\"widget\" data-widget_type=\"text-editor.default\">\n\t\t\t\t\t\t\t\t\t<p data-start=\"503\" data-end=\"800\">En <strong data-start=\"506\" data-end=\"530\">Green Delivery Ibiza<\/strong>, tu seguridad es nuestra prioridad.<br data-start=\"566\" data-end=\"569\" \/>Todos los m\u00e9todos de pago disponibles en order.greendeliveryibiza.com est\u00e1n totalmente cifrados y protegidos, garantizando <strong data-start=\"728\" data-end=\"752\">compras 100% seguras<\/strong> y una experiencia de pago r\u00e1pida y sin riesgos.\u00a0<\/p><p data-start=\"503\" data-end=\"800\">\u00a0<\/p>\t\t\t\t\t\t\t\t<\/div>\n\t\t\t\t<div class=\"elementor-element elementor-element-5b4dc5f elementor-widget elementor-widget-text-editor\" data-id=\"5b4dc5f\" data-element_type=\"widget\" data-e-type=\"widget\" data-widget_type=\"text-editor.default\">\n\t\t\t\t\t\t\t\t\t<p style=\"font-size: 16px;\" data-start=\"843\" data-end=\"961\">Actualmente, puedes pagar tus pedidos de forma\u00a0<span style=\"font-weight: bolder;\" data-start=\"890\" data-end=\"919\">simple, segura y flexible<\/span>, eligiendo entre las siguientes opciones:<\/p><p style=\"font-size: 16px;\" data-start=\"503\" data-end=\"800\">\u00a0<\/p><ul style=\"background-color: #ffffff; font-size: 16px;\" data-start=\"963\" data-end=\"1669\"><li style=\"font-size: 16px;\" data-start=\"963\" data-end=\"1262\"><p data-start=\"965\" data-end=\"1262\"><span style=\"font-weight: bolder;\" data-start=\"965\" data-end=\"1002\">Pago con tarjeta online (Stripe):<\/span><br data-start=\"1002\" data-end=\"1005\" \/>Aceptamos tarjetas Visa, MasterCard y American Express a trav\u00e9s de la pasarela segura\u00a0<span style=\"font-weight: bolder;\" data-start=\"1093\" data-end=\"1103\">Stripe<\/span>, que encripta todos los datos mediante protocolo SSL.<br data-start=\"1157\" data-end=\"1160\" \/>Este sistema garantiza la\u00a0<span style=\"font-weight: bolder;\" data-start=\"1188\" data-end=\"1208\">protecci\u00f3n total<\/span>\u00a0de tu informaci\u00f3n y evita cualquier riesgo de fraude.<\/p><\/li><li style=\"font-size: 16px;\" data-start=\"1264\" data-end=\"1471\"><p data-start=\"1266\" data-end=\"1471\"><span style=\"font-weight: bolder;\" data-start=\"1266\" data-end=\"1294\">Pago en efectivo (Cash):<\/span><br data-start=\"1294\" data-end=\"1297\" \/>Puedes pagar c\u00f3modamente\u00a0<span style=\"font-weight: bolder;\" data-start=\"1324\" data-end=\"1360\">en efectivo al recibir tu pedido<\/span>. Nuestro repartidor te entregar\u00e1 el comprobante correspondiente y podr\u00e1s verificar el importe final en la app.<\/p><\/li><li style=\"font-size: 16px;\" data-start=\"1473\" data-end=\"1669\"><p data-start=\"1475\" data-end=\"1669\"><span style=\"font-weight: bolder;\" data-start=\"1475\" data-end=\"1509\">Pago con tarjeta a la entrega:<\/span><br data-start=\"1509\" data-end=\"1512\" \/>Si lo prefieres, puedes pagar\u00a0<span style=\"font-weight: bolder;\" data-start=\"1544\" data-end=\"1586\">con tarjeta directamente al repartidor<\/span>\u00a0mediante TPV m\u00f3vil.<br data-start=\"1606\" data-end=\"1609\" \/>R\u00e1pido, seguro y sin necesidad de realizar el pago online.<\/p><\/li><\/ul><div><p style=\"font-size: 16px;\" data-start=\"503\" data-end=\"800\"><span style=\"background-color: transparent;\">Green Delivery Ibiza garantiza el\u00a0<\/span><span style=\"font-weight: bolder; background-color: transparent;\" data-start=\"1747\" data-end=\"1811\">trato confidencial de todos los datos personales y bancarios<\/span><span style=\"background-color: transparent;\">.<\/span><\/p><div style=\"font-size: 16px;\"><p data-start=\"1713\" data-end=\"1973\">Las transacciones se procesan a trav\u00e9s de sistemas cifrados y certificados, protegiendo en todo momento la comunicaci\u00f3n entre el cliente y nuestra plataforma.<\/p><p data-start=\"1975\" data-end=\"2168\">Nuestro sistema SSL (Secure Socket Layer) establece un canal seguro que\u00a0<span style=\"font-weight: bolder;\" data-start=\"2047\" data-end=\"2083\">encripta la informaci\u00f3n sensible<\/span>, impidiendo el acceso no autorizado y asegurando que tus datos permanezcan privados.<\/p><\/div><\/div>\t\t\t\t\t\t\t\t<\/div>\n\t\t\t\t\t<\/div>\n\t\t\t\t<\/div>\n\t\t\t\t<\/div>\n\t\t","protected":false},"excerpt":{"rendered":"<p>Inicio Pago seguro con Green Delivery Ibiza En Green Delivery Ibiza, tu seguridad es nuestra prioridad.Todos los m\u00e9todos de pago disponibles en order.greendeliveryibiza.com est\u00e1n totalmente cifrados y protegidos, garantizando compras 100% seguras y una experiencia de pago r\u00e1pida y sin riesgos.\u00a0 \u00a0 Actualmente, puedes pagar tus pedidos de forma\u00a0simple, segura y flexible, eligiendo entre las [&hellip;]<\/p>\n","protected":false},"author":1,"featured_media":0,"parent":0,"menu_order":0,"comment_status":"closed","ping_status":"closed","template":"","meta":{"footnotes":""},"class_list":["post-1351","page","type-page","status-publish","hentry"],"_links":{"self":[{"href":"https:\/\/greendeliveryibiza.com\/es\/wp-json\/wp\/v2\/pages\/1351","targetHints":{"allow":["GET"]}}],"collection":[{"href":"https:\/\/greendeliveryibiza.com\/es\/wp-json\/wp\/v2\/pages"}],"about":[{"href":"https:\/\/greendeliveryibiza.com\/es\/wp-json\/wp\/v2\/types\/page"}],"author":[{"embeddable":true,"href":"https:\/\/greendeliveryibiza.com\/es\/wp-json\/wp\/v2\/users\/1"}],"replies":[{"embeddable":true,"href":"https:\/\/greendeliveryibiza.com\/es\/wp-json\/wp\/v2\/comments?post=1351"}],"version-history":[{"count":5,"href":"https:\/\/greendeliveryibiza.com\/es\/wp-json\/wp\/v2\/pages\/1351\/revisions"}],"predecessor-version":[{"id":1875,"href":"https:\/\/greendeliveryibiza.com\/es\/wp-json\/wp\/v2\/pages\/1351\/revisions\/1875"}],"wp:attachment":[{"href":"https:\/\/greendeliveryibiza.com\/es\/wp-json\/wp\/v2\/media?parent=1351"}],"curies":[{"name":"wp","href":"https:\/\/api.w.org\/{rel}","templated":true}]}}