{"id":1990,"date":"2026-02-17T15:35:50","date_gmt":"2026-02-17T14:35:50","guid":{"rendered":"https:\/\/greendeliveryibiza.com\/bebidas-a-domicilio-en-ibiza-entrega-rapida-en-toda-la-isla\/"},"modified":"2026-03-12T14:57:29","modified_gmt":"2026-03-12T13:57:29","slug":"bebidas-a-domicilio-ibiza","status":"publish","type":"page","link":"https:\/\/greendeliveryibiza.com\/es\/bebidas-a-domicilio-ibiza\/","title":{"rendered":"Bebidas a Domicilio en Ibiza \u2013 Entrega R\u00e1pida en Toda la Isla"},"content":{"rendered":"\t\t<div data-elementor-type=\"wp-page\" data-elementor-id=\"1990\" class=\"elementor elementor-1990 elementor-1972\" data-elementor-post-type=\"page\">\n\t\t\t\t<div class=\"elementor-element elementor-element-a4fc200 e-flex e-con-boxed e-con e-parent\" data-id=\"a4fc200\" data-element_type=\"container\" data-e-type=\"container\" data-settings=\"{&quot;background_background&quot;:&quot;classic&quot;}\">\n\t\t\t\t\t<div class=\"e-con-inner\">\n\t\t\t\t<div class=\"elementor-element elementor-element-0df6e21 elementor-widget__width-inherit elementor-widget elementor-widget-heading\" data-id=\"0df6e21\" data-element_type=\"widget\" data-e-type=\"widget\" data-widget_type=\"heading.default\">\n\t\t\t\t\t<h1 class=\"elementor-heading-title elementor-size-default\">Bebida a Domicilio<\/h1>\t\t\t\t<\/div>\n\t\t\t\t\t<\/div>\n\t\t\t\t<\/div>\n\t\t<div class=\"elementor-element elementor-element-beca5ad e-flex e-con-boxed e-con e-parent\" data-id=\"beca5ad\" data-element_type=\"container\" data-e-type=\"container\">\n\t\t\t\t\t<div class=\"e-con-inner\">\n\t\t\t\t<div class=\"elementor-element elementor-element-e8849ac elementor-icon-list--layout-inline elementor-list-item-link-full_width elementor-widget elementor-widget-icon-list\" data-id=\"e8849ac\" data-element_type=\"widget\" data-e-type=\"widget\" data-widget_type=\"icon-list.default\">\n\t\t\t\t\t\t\t<ul class=\"elementor-icon-list-items elementor-inline-items\">\n\t\t\t\t\t\t\t<li class=\"elementor-icon-list-item elementor-inline-item\">\n\t\t\t\t\t\t\t\t\t\t\t<a href=\"https:\/\/greendeliveryibiza.com\/es\/\">\n\n\t\t\t\t\t\t\t\t\t\t\t<span class=\"elementor-icon-list-text\">Inicio<\/span>\n\t\t\t\t\t\t\t\t\t\t\t<\/a>\n\t\t\t\t\t\t\t\t\t<\/li>\n\t\t\t\t\t\t\t\t<li class=\"elementor-icon-list-item elementor-inline-item\">\n\t\t\t\t\t\t\t\t\t\t<span class=\"elementor-icon-list-text\"><span class=\"color-primary\">Bebidas a Domicilio en Ibiza \u2013 Entrega R\u00e1pida en Toda la Isla<\/span><\/span>\n\t\t\t\t\t\t\t\t\t<\/li>\n\t\t\t\t\t\t<\/ul>\n\t\t\t\t\t\t<\/div>\n\t\t\t\t\t<\/div>\n\t\t\t\t<\/div>\n\t\t<div class=\"elementor-element elementor-element-9267ef1 e-flex e-con-boxed e-con e-parent\" data-id=\"9267ef1\" data-element_type=\"container\" data-e-type=\"container\">\n\t\t\t\t\t<div class=\"e-con-inner\">\n\t\t<div class=\"elementor-element elementor-element-d47df97 e-con-full e-flex e-con e-child\" data-id=\"d47df97\" data-element_type=\"container\" data-e-type=\"container\">\n\t\t\t\t<div class=\"elementor-element elementor-element-8e834b5 elementor-widget elementor-widget-image\" data-id=\"8e834b5\" data-element_type=\"widget\" data-e-type=\"widget\" data-widget_type=\"image.default\">\n\t\t\t\t\t\t\t\t\t\t\t\t<figure class=\"wp-caption\">\n\t\t\t\t\t\t\t\t\t\t<img fetchpriority=\"high\" decoding=\"async\" width=\"768\" height=\"1024\" src=\"https:\/\/greendeliveryibiza.com\/wp-content\/uploads\/2026\/02\/DRINKEXPRESSDELIVERY_GREENDELIVERYIBIZA-768x1024.jpg\" class=\"attachment-large size-large wp-image-1975\" alt=\"Drink in Express Delivery\" srcset=\"https:\/\/greendeliveryibiza.com\/wp-content\/uploads\/2026\/02\/DRINKEXPRESSDELIVERY_GREENDELIVERYIBIZA-768x1024.jpg 768w, https:\/\/greendeliveryibiza.com\/wp-content\/uploads\/2026\/02\/DRINKEXPRESSDELIVERY_GREENDELIVERYIBIZA-225x300.jpg 225w, https:\/\/greendeliveryibiza.com\/wp-content\/uploads\/2026\/02\/DRINKEXPRESSDELIVERY_GREENDELIVERYIBIZA-1152x1536.jpg 1152w, https:\/\/greendeliveryibiza.com\/wp-content\/uploads\/2026\/02\/DRINKEXPRESSDELIVERY_GREENDELIVERYIBIZA-1536x2048.jpg 1536w, https:\/\/greendeliveryibiza.com\/wp-content\/uploads\/2026\/02\/DRINKEXPRESSDELIVERY_GREENDELIVERYIBIZA-scaled.jpg 1920w\" sizes=\"(max-width: 768px) 100vw, 768px\" \/>\t\t\t\t\t\t\t\t\t\t\t<figcaption class=\"widget-image-caption wp-caption-text\">Drink Delivery Ibiza<\/figcaption>\n\t\t\t\t\t\t\t\t\t\t<\/figure>\n\t\t\t\t\t\t\t\t\t<\/div>\n\t\t\t\t<\/div>\n\t\t<div class=\"elementor-element elementor-element-67074ca e-con-full e-flex e-con e-child\" data-id=\"67074ca\" data-element_type=\"container\" data-e-type=\"container\">\n\t\t\t\t<div class=\"elementor-element elementor-element-768bfd2 elementor-widget elementor-widget-heading\" data-id=\"768bfd2\" data-element_type=\"widget\" data-e-type=\"widget\" data-widget_type=\"heading.default\">\n\t\t\t\t\t<h2 class=\"elementor-heading-title elementor-size-default\">Bebidas y refrescos en Entrega Expr\u00e9s<\/h2>\t\t\t\t<\/div>\n\t\t\t\t<div class=\"elementor-element elementor-element-1e46ec4 elementor-widget elementor-widget-text-editor\" data-id=\"1e46ec4\" data-element_type=\"widget\" data-e-type=\"widget\" data-widget_type=\"text-editor.default\">\n\t\t\t\t\t\t\t\t\t<p>\u00bfBuscas alcohol, bebida con entrega expr\u00e9s en Ibiza?<\/p>\n<p><strong>Green Delivery ofrece servicio profesional de entrega de alcohol y bebidas en toda la isla.<br><br>Entregamos en aproximadamente 45 minutos, tanto a villas privadas como a residentes y hoteles.<\/strong><\/p>\n<p>De mayo a octubre operamos 24 horas al d\u00eda.<\/p>\n<p>De octubre a mayo ofrecemos servicio diario con horario ampliado. <br><\/p>\t\t\t\t\t\t\t\t<\/div>\n\t\t\t\t<\/div>\n\t\t\t\t\t<\/div>\n\t\t\t\t<\/div>\n\t\t<div class=\"elementor-element elementor-element-15a1d93 e-flex e-con-boxed e-con e-parent\" data-id=\"15a1d93\" data-element_type=\"container\" data-e-type=\"container\">\n\t\t\t\t\t<div class=\"e-con-inner\">\n\t\t\t\t<div class=\"elementor-element elementor-element-e866f66 elementor-widget elementor-widget-heading\" data-id=\"e866f66\" data-element_type=\"widget\" data-e-type=\"widget\" data-widget_type=\"heading.default\">\n\t\t\t\t\t<h2 class=\"elementor-heading-title elementor-size-default\">Entregas expr\u00e9s disponibles en toda Ibiza<\/h2>\t\t\t\t<\/div>\n\t\t\t\t<div class=\"elementor-element elementor-element-47fc444 elementor-widget elementor-widget-text-editor\" data-id=\"47fc444\" data-element_type=\"widget\" data-e-type=\"widget\" data-widget_type=\"text-editor.default\">\n\t\t\t\t\t\t\t\t\t<p><span style=\"color: #434343; font-size: 20px;\">Entregas expr\u00e9s disponibles en toda Ibiza<\/span><\/p><ul><li>Ibiza (Eivissa);<\/li><li>Santa Eulalia;<\/li><li>San Antonio;<\/li><li>Playa d&#8217;en Bossa;<\/li><li>Zonas rurales y villas<\/li><\/ul><div> <\/div><div>Sin restricciones de zona.<\/div><div> <\/div><p>Todas las entregas son manejadas por personal capacitado y empleado siguiendo protocolos operativos compartidos.<\/p>\t\t\t\t\t\t\t\t<\/div>\n\t\t\t\t\t<\/div>\n\t\t\t\t<\/div>\n\t\t<div class=\"elementor-element elementor-element-281423a e-flex e-con-boxed e-con e-parent\" data-id=\"281423a\" data-element_type=\"container\" data-e-type=\"container\">\n\t\t\t\t\t<div class=\"e-con-inner\">\n\t\t\t\t<div class=\"elementor-element elementor-element-9a92d93 elementor-widget elementor-widget-heading\" data-id=\"9a92d93\" data-element_type=\"widget\" data-e-type=\"widget\" data-widget_type=\"heading.default\">\n\t\t\t\t\t<h2 class=\"elementor-heading-title elementor-size-default\">\u00bfPor qu\u00e9 elegir Green Delivery Ibiza?<\/h2>\t\t\t\t<\/div>\n\t\t\t\t<div class=\"elementor-element elementor-element-7c333a3 elementor-widget elementor-widget-text-editor\" data-id=\"7c333a3\" data-element_type=\"widget\" data-e-type=\"widget\" data-widget_type=\"text-editor.default\">\n\t\t\t\t\t\t\t\t\t<p>A diferencia de las plataformas de mercado t\u00edpicas, Green Delivery Ibiza opera con conductores empleados directamente y protocolos operativos claramente definidos y compartidos entre todo el equipo.<\/p><p>Esto nos permite garantizar est\u00e1ndares de servicio consistentes, coordinaci\u00f3n profesional y tiempos de entrega confiables en toda la isla.<\/p><p><strong>Nuestro tiempo promedio de entrega es de aproximadamente 45 minutos<\/strong>, dependiendo de la zona y la demanda, lo que garantiza rapidez y control operativo.<br>Al gestionar nuestro propio personal en lugar de depender de conductores externos, <strong>mantenemos est\u00e1ndares de calidad m\u00e1s altos, una mayor responsabilidad y una experiencia de servicio m\u00e1s confiable, todos los d\u00edas del a\u00f1o.<\/strong><\/p>\t\t\t\t\t\t\t\t<\/div>\n\t\t\t\t<div class=\"elementor-element elementor-element-535e861 elementor-widget elementor-widget-heading\" data-id=\"535e861\" data-element_type=\"widget\" data-e-type=\"widget\" data-widget_type=\"heading.default\">\n\t\t\t\t\t<h3 class=\"elementor-heading-title elementor-size-default\">Nuestro servicio de entrega es perfecto para...<\/h3>\t\t\t\t<\/div>\n\t\t\t\t<div class=\"elementor-element elementor-element-2321b28 elementor-icon-list--layout-inline elementor-list-item-link-full_width elementor-widget elementor-widget-icon-list\" data-id=\"2321b28\" data-element_type=\"widget\" data-e-type=\"widget\" green=\"\" data-widget_type=\"icon-list.default\">\n\t\t\t\t\t\t\t<ul class=\"elementor-icon-list-items elementor-inline-items\">\n\t\t\t\t\t\t\t<li class=\"elementor-icon-list-item elementor-inline-item\">\n\t\t\t\t\t\t\t\t\t\t\t<a href=\"https:\/\/greendeliveryibiza.com\/es\/contacto\/\">\n\n\t\t\t\t\t\t\t\t\t\t\t<span class=\"elementor-icon-list-text\">Villas<\/span>\n\t\t\t\t\t\t\t\t\t\t\t<\/a>\n\t\t\t\t\t\t\t\t\t<\/li>\n\t\t\t\t\t\t\t\t<li class=\"elementor-icon-list-item elementor-inline-item\">\n\t\t\t\t\t\t\t\t\t\t\t<a href=\"https:\/\/greendeliveryibiza.com\/es\/contacto\/\">\n\n\t\t\t\t\t\t\t\t\t\t\t<span class=\"elementor-icon-list-text\">aprovisionamiento de yates<\/span>\n\t\t\t\t\t\t\t\t\t\t\t<\/a>\n\t\t\t\t\t\t\t\t\t<\/li>\n\t\t\t\t\t\t\t\t<li class=\"elementor-icon-list-item elementor-inline-item\">\n\t\t\t\t\t\t\t\t\t\t\t<a href=\"https:\/\/greendeliveryibiza.com\/es\/contacto\/\">\n\n\t\t\t\t\t\t\t\t\t\t\t<span class=\"elementor-icon-list-text\">eventos privados<\/span>\n\t\t\t\t\t\t\t\t\t\t\t<\/a>\n\t\t\t\t\t\t\t\t\t<\/li>\n\t\t\t\t\t\t\t\t<li class=\"elementor-icon-list-item elementor-inline-item\">\n\t\t\t\t\t\t\t\t\t\t\t<a href=\"https:\/\/greendeliveryibiza.com\/es\/contacto\/\">\n\n\t\t\t\t\t\t\t\t\t\t\t<span class=\"elementor-icon-list-text\">hotels<\/span>\n\t\t\t\t\t\t\t\t\t\t\t<\/a>\n\t\t\t\t\t\t\t\t\t<\/li>\n\t\t\t\t\t\t\t\t<li class=\"elementor-icon-list-item elementor-inline-item\">\n\t\t\t\t\t\t\t\t\t\t\t<a href=\"https:\/\/greendeliveryibiza.com\/es\/contacto\/\">\n\n\t\t\t\t\t\t\t\t\t\t\t<span class=\"elementor-icon-list-text\">residentes<\/span>\n\t\t\t\t\t\t\t\t\t\t\t<\/a>\n\t\t\t\t\t\t\t\t\t<\/li>\n\t\t\t\t\t\t<\/ul>\n\t\t\t\t\t\t<\/div>\n\t\t<div class=\"elementor-element elementor-element-32f7c6f e-con-full e-flex e-con e-child\" data-id=\"32f7c6f\" data-element_type=\"container\" data-e-type=\"container\">\n\t\t\t\t<div class=\"elementor-element elementor-element-4335a6e elementor-tablet-align-center elementor-widget elementor-widget-button\" data-id=\"4335a6e\" data-element_type=\"widget\" data-e-type=\"widget\" data-widget_type=\"button.default\">\n\t\t\t\t\t\t\t\t\t\t<a class=\"elementor-button elementor-button-link elementor-size-sm\" href=\"https:\/\/order.greendeliveryibiza.com\/fb\/RESTAURANTES\/outlet\/drink-express?featureType=DELIVERY\" id=\"1\">\n\t\t\t\t\t\t<span class=\"elementor-button-content-wrapper\">\n\t\t\t\t\t\t\t\t\t<span class=\"elementor-button-text\">\u00a1ORDENA AHORA!<\/span>\n\t\t\t\t\t<\/span>\n\t\t\t\t\t<\/a>\n\t\t\t\t\t\t\t\t<\/div>\n\t\t\t\t<\/div>\n\t\t\t\t\t<\/div>\n\t\t\t\t<\/div>\n\t\t\t\t<\/div>\n\t\t","protected":false},"excerpt":{"rendered":"<p>Bebida a Domicilio Inicio Bebidas y refrescos en Entrega Expr\u00e9s \u00bfBuscas alcohol, bebida con entrega expr\u00e9s en Ibiza? Green Delivery ofrece servicio profesional de entrega de alcohol y bebidas en toda la isla. Entregamos en aproximadamente 45 minutos, tanto a villas privadas como a residentes y hoteles. De mayo a octubre operamos 24 horas al [&hellip;]<\/p>\n","protected":false},"author":2,"featured_media":0,"parent":0,"menu_order":0,"comment_status":"closed","ping_status":"closed","template":"","meta":{"footnotes":""},"class_list":["post-1990","page","type-page","status-publish","hentry"],"_links":{"self":[{"href":"https:\/\/greendeliveryibiza.com\/es\/wp-json\/wp\/v2\/pages\/1990","targetHints":{"allow":["GET"]}}],"collection":[{"href":"https:\/\/greendeliveryibiza.com\/es\/wp-json\/wp\/v2\/pages"}],"about":[{"href":"https:\/\/greendeliveryibiza.com\/es\/wp-json\/wp\/v2\/types\/page"}],"author":[{"embeddable":true,"href":"https:\/\/greendeliveryibiza.com\/es\/wp-json\/wp\/v2\/users\/2"}],"replies":[{"embeddable":true,"href":"https:\/\/greendeliveryibiza.com\/es\/wp-json\/wp\/v2\/comments?post=1990"}],"version-history":[{"count":19,"href":"https:\/\/greendeliveryibiza.com\/es\/wp-json\/wp\/v2\/pages\/1990\/revisions"}],"predecessor-version":[{"id":2192,"href":"https:\/\/greendeliveryibiza.com\/es\/wp-json\/wp\/v2\/pages\/1990\/revisions\/2192"}],"wp:attachment":[{"href":"https:\/\/greendeliveryibiza.com\/es\/wp-json\/wp\/v2\/media?parent=1990"}],"curies":[{"name":"wp","href":"https:\/\/api.w.org\/{rel}","templated":true}]}}