{"id":2130,"date":"2026-03-12T10:57:30","date_gmt":"2026-03-12T09:57:30","guid":{"rendered":"https:\/\/greendeliveryibiza.com\/?page_id=2130"},"modified":"2026-03-12T12:04:15","modified_gmt":"2026-03-12T11:04:15","slug":"comida-a-domicilio-ibiza","status":"publish","type":"page","link":"https:\/\/greendeliveryibiza.com\/es\/comida-a-domicilio-ibiza\/","title":{"rendered":"Food Delivery Ibiza"},"content":{"rendered":"\t\t<div data-elementor-type=\"wp-page\" data-elementor-id=\"2130\" class=\"elementor elementor-2130 elementor-2121\" data-elementor-post-type=\"page\">\n\t\t\t\t<div class=\"elementor-element elementor-element-2211090 e-flex e-con-boxed e-con e-parent\" data-id=\"2211090\" data-element_type=\"container\" data-e-type=\"container\" data-settings=\"{&quot;background_background&quot;:&quot;gradient&quot;}\">\n\t\t\t\t\t<div class=\"e-con-inner\">\n\t\t<div class=\"elementor-element elementor-element-c636a5d e-con-full e-flex e-con e-child\" data-id=\"c636a5d\" data-element_type=\"container\" data-e-type=\"container\">\n\t\t\t\t<div class=\"elementor-element elementor-element-ea7a42f elementor-widget elementor-widget-heading\" data-id=\"ea7a42f\" data-element_type=\"widget\" data-e-type=\"widget\" data-widget_type=\"heading.default\">\n\t\t\t\t\t<h1 class=\"elementor-heading-title elementor-size-default\">Comida a domicilio en Ibiza<\/h1>\t\t\t\t<\/div>\n\t\t\t\t<\/div>\n\t\t\t\t\t<\/div>\n\t\t\t\t<\/div>\n\t\t<div class=\"elementor-element elementor-element-f5c1acb e-flex e-con-boxed e-con e-parent\" data-id=\"f5c1acb\" data-element_type=\"container\" data-e-type=\"container\" data-settings=\"{&quot;background_background&quot;:&quot;gradient&quot;}\">\n\t\t\t\t\t<div class=\"e-con-inner\">\n\t\t<div class=\"elementor-element elementor-element-7baf055 e-con-full e-flex e-con e-child\" data-id=\"7baf055\" data-element_type=\"container\" data-e-type=\"container\">\n\t\t\t\t<div class=\"elementor-element elementor-element-d09d60d elementor-icon-list--layout-inline elementor-list-item-link-full_width elementor-widget elementor-widget-icon-list\" data-id=\"d09d60d\" data-element_type=\"widget\" data-e-type=\"widget\" data-widget_type=\"icon-list.default\">\n\t\t\t\t\t\t\t<ul class=\"elementor-icon-list-items elementor-inline-items\">\n\t\t\t\t\t\t\t<li class=\"elementor-icon-list-item elementor-inline-item\">\n\t\t\t\t\t\t\t\t\t\t\t<a href=\"https:\/\/greendeliveryibiza.com\/es\/\" green=\"\">\n\n\t\t\t\t\t\t\t\t\t\t\t<span class=\"elementor-icon-list-text\">Inicio<\/span>\n\t\t\t\t\t\t\t\t\t\t\t<\/a>\n\t\t\t\t\t\t\t\t\t<\/li>\n\t\t\t\t\t\t\t\t<li class=\"elementor-icon-list-item elementor-inline-item\">\n\t\t\t\t\t\t\t\t\t\t<span class=\"elementor-icon-list-text\">COMIDA A DOMICILIO<\/span>\n\t\t\t\t\t\t\t\t\t<\/li>\n\t\t\t\t\t\t<\/ul>\n\t\t\t\t\t\t<\/div>\n\t\t\t\t<\/div>\n\t\t\t\t\t<\/div>\n\t\t\t\t<\/div>\n\t\t<div class=\"elementor-element elementor-element-5d66bab e-grid e-con-boxed e-con e-parent\" data-id=\"5d66bab\" data-element_type=\"container\" data-e-type=\"container\">\n\t\t\t\t\t<div class=\"e-con-inner\">\n\t\t\t\t<div class=\"elementor-element elementor-element-69f7f21 elementor-widget elementor-widget-image\" data-id=\"69f7f21\" data-element_type=\"widget\" data-e-type=\"widget\" data-widget_type=\"image.default\">\n\t\t\t\t\t\t\t\t\t\t\t\t\t\t\t<img fetchpriority=\"high\" decoding=\"async\" width=\"768\" height=\"1024\" src=\"https:\/\/greendeliveryibiza.com\/wp-content\/uploads\/2025\/10\/IMG_5409-1-768x1024.jpg\" class=\"attachment-large size-large wp-image-1491\" alt=\"\" srcset=\"https:\/\/greendeliveryibiza.com\/wp-content\/uploads\/2025\/10\/IMG_5409-1-768x1024.jpg 768w, https:\/\/greendeliveryibiza.com\/wp-content\/uploads\/2025\/10\/IMG_5409-1-225x300.jpg 225w, https:\/\/greendeliveryibiza.com\/wp-content\/uploads\/2025\/10\/IMG_5409-1-1152x1536.jpg 1152w, https:\/\/greendeliveryibiza.com\/wp-content\/uploads\/2025\/10\/IMG_5409-1-1536x2048.jpg 1536w, https:\/\/greendeliveryibiza.com\/wp-content\/uploads\/2025\/10\/IMG_5409-1-scaled.jpg 1920w\" sizes=\"(max-width: 768px) 100vw, 768px\" \/>\t\t\t\t\t\t\t\t\t\t\t\t\t\t\t<\/div>\n\t\t<div class=\"elementor-element elementor-element-78c147d e-grid e-con-full e-con e-child\" data-id=\"78c147d\" data-element_type=\"container\" data-e-type=\"container\">\n\t\t\t\t<div class=\"elementor-element elementor-element-948d9a4 elementor-widget elementor-widget-text-editor\" data-id=\"948d9a4\" data-element_type=\"widget\" data-e-type=\"widget\" data-widget_type=\"text-editor.default\">\n\t\t\t\t\t\t\t\t\t<p>\u00bfBuscas un servicio de entrega de comida confiable en Ibiza?<\/p><p><br data-start=\"896\" data-end=\"899\" \/>Green Delivery ofrece entrega r\u00e1pida expr\u00e9s y programada en toda la isla.<\/p><p>Entregamos tu comida favorita a cualquier rinc\u00f3n de la isla.<\/p><p>Nuestro centro de operaciones en <strong>Ibiza ciudad<\/strong> gestiona entregas a domicilio. Tanto si est\u00e1s en <strong>Portinatx<\/strong> como si buscas tu restaurante favorito en <strong>San Antonio<\/strong>, te lo llevamos a casa. <strong>\u00bfPizza en Playa d&#8217;en Bossa?<\/strong> \u00a1Llegamos enseguida!<\/p>\t\t\t\t\t\t\t\t<\/div>\n\t\t\t\t<div class=\"elementor-element elementor-element-ee03191 elementor-align-center elementor-widget elementor-widget-button\" data-id=\"ee03191\" data-element_type=\"widget\" data-e-type=\"widget\" data-widget_type=\"button.default\">\n\t\t\t\t\t\t\t\t\t\t<a class=\"elementor-button elementor-button-link elementor-size-sm\" href=\"https:\/\/order.greendeliveryibiza.com\/tabs\/home\/fb\/ag\/RESTAURANTES\">\n\t\t\t\t\t\t<span class=\"elementor-button-content-wrapper\">\n\t\t\t\t\t\t\t\t\t<span class=\"elementor-button-text\">Ordene ahora<\/span>\n\t\t\t\t\t<\/span>\n\t\t\t\t\t<\/a>\n\t\t\t\t\t\t\t\t<\/div>\n\t\t\t\t<\/div>\n\t\t\t\t\t<\/div>\n\t\t\t\t<\/div>\n\t\t<div class=\"elementor-element elementor-element-6ef41d4 e-flex e-con-boxed e-con e-parent\" data-id=\"6ef41d4\" data-element_type=\"container\" data-e-type=\"container\">\n\t\t\t\t\t<div class=\"e-con-inner\">\n\t\t\t\t<div class=\"elementor-element elementor-element-5d95a91 elementor-widget elementor-widget-heading\" data-id=\"5d95a91\" data-element_type=\"widget\" data-e-type=\"widget\" data-widget_type=\"heading.default\">\n\t\t\t\t\t<h2 class=\"elementor-heading-title elementor-size-default\">Entrega de comida expr\u00e9s y programada en Ibiza<\/h2>\t\t\t\t<\/div>\n\t\t\t\t<div class=\"elementor-element elementor-element-be090b5 elementor-widget elementor-widget-text-editor\" data-id=\"be090b5\" data-element_type=\"widget\" data-e-type=\"widget\" data-widget_type=\"text-editor.default\">\n\t\t\t\t\t\t\t\t\t<p>Ya sea que necesite comida entregada en 45 minutos o prefiera programar su pedido con anticipaci\u00f3n, nuestra plataforma le brinda total flexibilidad.<\/p><p><strong>Green Delivery opera durante todo el a\u00f1o<\/strong>, ofreciendo servicio expr\u00e9s durante las horas pico y entrega programada cuando desea planificar con anticipaci\u00f3n.<\/p>\t\t\t\t\t\t\t\t<\/div>\n\t\t\t\t\t<\/div>\n\t\t\t\t<\/div>\n\t\t<div class=\"elementor-element elementor-element-c39ee44 e-flex e-con-boxed e-con e-parent\" data-id=\"c39ee44\" data-element_type=\"container\" data-e-type=\"container\">\n\t\t\t\t\t<div class=\"e-con-inner\">\n\t\t\t\t<div class=\"elementor-element elementor-element-91cbc51 elementor-widget elementor-widget-heading\" data-id=\"91cbc51\" data-element_type=\"widget\" data-e-type=\"widget\" data-widget_type=\"heading.default\">\n\t\t\t\t\t<h2 class=\"elementor-heading-title elementor-size-default\"><p data-start=\"1705\" data-end=\"1747\"><strong data-start=\"1705\" data-end=\"1747\">Entrega de comida en toda la isla<\/strong><\/p><\/h2>\t\t\t\t<\/div>\n\t\t\t\t<div class=\"elementor-element elementor-element-921a127 elementor-widget elementor-widget-text-editor\" data-id=\"921a127\" data-element_type=\"widget\" data-e-type=\"widget\" data-widget_type=\"text-editor.default\">\n\t\t\t\t\t\t\t\t\t<p>Realizamos entregas a Ibiza ciudad, San Antonio, Santa Eulalia, Playa d\u2019en Bossa, Portinatx y alrededores.<\/p><p><strong>No importa d\u00f3nde se aloje, nuestro equipo garantiza una entrega eficiente y profesional en toda Ibiza.<\/strong><\/p>\t\t\t\t\t\t\t\t<\/div>\n\t\t\t\t\t<\/div>\n\t\t\t\t<\/div>\n\t\t<div class=\"elementor-element elementor-element-bc18962 e-flex e-con-boxed e-con e-parent\" data-id=\"bc18962\" data-element_type=\"container\" data-e-type=\"container\">\n\t\t\t\t\t<div class=\"e-con-inner\">\n\t\t\t\t<div class=\"elementor-element elementor-element-011b996 elementor-widget elementor-widget-heading\" data-id=\"011b996\" data-element_type=\"widget\" data-e-type=\"widget\" data-widget_type=\"heading.default\">\n\t\t\t\t\t<h2 class=\"elementor-heading-title elementor-size-default\">\u00bfPor qu\u00e9 elegir Green Delivery para entrega de comida en Ibiza?<\/h2>\t\t\t\t<\/div>\n\t\t\t\t<div class=\"elementor-element elementor-element-473ffb6 elementor-widget elementor-widget-text-editor\" data-id=\"473ffb6\" data-element_type=\"widget\" data-e-type=\"widget\" data-widget_type=\"text-editor.default\">\n\t\t\t\t\t\t\t\t\t<p data-start=\"2194\" data-end=\"2250\">Conductores profesionales empleados<\/p><p data-start=\"2253\" data-end=\"2280\">Servicio confiable durante todo el a\u00f1o<\/p><p data-start=\"2283\" data-end=\"2301\">Seguimiento en tiempo real<\/p><p data-start=\"2304\" data-end=\"2327\">Soporte local dedicado<\/p><p data-start=\"2330\" data-end=\"2359\">Enfoque de entrega sostenible<\/p>\t\t\t\t\t\t\t\t<\/div>\n\t\t\t\t\t<\/div>\n\t\t\t\t<\/div>\n\t\t<div class=\"elementor-element elementor-element-35d85c9 e-flex e-con-boxed e-con e-parent\" data-id=\"35d85c9\" data-element_type=\"container\" data-e-type=\"container\">\n\t\t\t\t\t<div class=\"e-con-inner\">\n\t\t\t\t<div class=\"elementor-element elementor-element-a25ea93 elementor-widget elementor-widget-heading\" data-id=\"a25ea93\" data-element_type=\"widget\" data-e-type=\"widget\" data-widget_type=\"heading.default\">\n\t\t\t\t\t<h2 class=\"elementor-heading-title elementor-size-default\">Pide comida de los restaurantes favoritos de Ibiza<\/h2>\t\t\t\t<\/div>\n\t\t\t\t<div class=\"elementor-element elementor-element-9be0222 elementor-widget elementor-widget-text-editor\" data-id=\"9be0222\" data-element_type=\"widget\" data-e-type=\"widget\" data-widget_type=\"text-editor.default\">\n\t\t\t\t\t\t\t\t\t<p data-start=\"2523\" data-end=\"2704\">Nuestra plataforma te conecta con una amplia gama de restaurantes en Ibiza.<\/p><p data-start=\"2523\" data-end=\"2704\">From international cuisine to local favourites, enjoy convenient online ordering with fast, secure delivery.<\/p><p data-start=\"2706\" data-end=\"2741\"> <\/p>\t\t\t\t\t\t\t\t<\/div>\n\t\t\t\t\t<\/div>\n\t\t\t\t<\/div>\n\t\t\t\t<\/div>\n\t\t","protected":false},"excerpt":{"rendered":"<p>Comida a domicilio en Ibiza Inicio COMIDA A DOMICILIO \u00bfBuscas un servicio de entrega de comida confiable en Ibiza? Green Delivery ofrece entrega r\u00e1pida expr\u00e9s y programada en toda la isla. Entregamos tu comida favorita a cualquier rinc\u00f3n de la isla. Nuestro centro de operaciones en Ibiza ciudad gestiona entregas a domicilio. Tanto si est\u00e1s [&hellip;]<\/p>\n","protected":false},"author":2,"featured_media":0,"parent":0,"menu_order":0,"comment_status":"closed","ping_status":"closed","template":"","meta":{"footnotes":""},"class_list":["post-2130","page","type-page","status-publish","hentry"],"_links":{"self":[{"href":"https:\/\/greendeliveryibiza.com\/es\/wp-json\/wp\/v2\/pages\/2130","targetHints":{"allow":["GET"]}}],"collection":[{"href":"https:\/\/greendeliveryibiza.com\/es\/wp-json\/wp\/v2\/pages"}],"about":[{"href":"https:\/\/greendeliveryibiza.com\/es\/wp-json\/wp\/v2\/types\/page"}],"author":[{"embeddable":true,"href":"https:\/\/greendeliveryibiza.com\/es\/wp-json\/wp\/v2\/users\/2"}],"replies":[{"embeddable":true,"href":"https:\/\/greendeliveryibiza.com\/es\/wp-json\/wp\/v2\/comments?post=2130"}],"version-history":[{"count":6,"href":"https:\/\/greendeliveryibiza.com\/es\/wp-json\/wp\/v2\/pages\/2130\/revisions"}],"predecessor-version":[{"id":2180,"href":"https:\/\/greendeliveryibiza.com\/es\/wp-json\/wp\/v2\/pages\/2130\/revisions\/2180"}],"wp:attachment":[{"href":"https:\/\/greendeliveryibiza.com\/es\/wp-json\/wp\/v2\/media?parent=2130"}],"curies":[{"name":"wp","href":"https:\/\/api.w.org\/{rel}","templated":true}]}}